{"id":17781,"date":"2021-06-08T15:46:37","date_gmt":"2021-06-08T13:46:37","guid":{"rendered":"https:\/\/digiproces.com\/descargar-ebook\/"},"modified":"2025-08-01T10:47:38","modified_gmt":"2025-08-01T08:47:38","slug":"descargar-ebook","status":"publish","type":"page","link":"https:\/\/digiproces.com\/es\/descargar-ebook\/","title":{"rendered":"Descargar eBook"},"content":{"rendered":"\t\t<div data-elementor-type=\"wp-page\" data-elementor-id=\"17781\" class=\"elementor elementor-17781 elementor-15181\" data-elementor-post-type=\"page\">\n\t\t\t\t\t\t<section class=\"elementor-section elementor-top-section elementor-element elementor-element-415db56 elementor-section-stretched elementor-section-height-min-height elementor-section-content-middle elementor-section-boxed elementor-section-height-default elementor-section-items-middle\" data-id=\"415db56\" data-element_type=\"section\" data-settings=\"{&quot;stretch_section&quot;:&quot;section-stretched&quot;,&quot;background_background&quot;:&quot;classic&quot;}\">\n\t\t\t\t\t\t\t<div class=\"elementor-background-overlay\"><\/div>\n\t\t\t\t\t\t\t<div class=\"elementor-container elementor-column-gap-default\">\n\t\t\t\t\t<div class=\"elementor-column elementor-col-100 elementor-top-column elementor-element elementor-element-f9803a1\" data-id=\"f9803a1\" data-element_type=\"column\" data-settings=\"{&quot;avante_ext_is_scrollme&quot;:&quot;false&quot;,&quot;avante_ext_is_smoove&quot;:&quot;false&quot;,&quot;avante_ext_is_parallax_mouse&quot;:&quot;false&quot;,&quot;avante_ext_is_infinite&quot;:&quot;false&quot;}\">\n\t\t\t<div class=\"elementor-widget-wrap elementor-element-populated\">\n\t\t\t\t\t\t<div class=\"elementor-element elementor-element-0076908 elementor-widget__width-inherit elementor-widget elementor-widget-heading\" data-id=\"0076908\" data-element_type=\"widget\" data-settings=\"{&quot;avante_ext_is_smoove&quot;:&quot;true&quot;,&quot;avante_ext_smoove_disable&quot;:&quot;769&quot;,&quot;avante_ext_smoove_duration&quot;:1000,&quot;avante_ext_smoove_rotatex&quot;:{&quot;unit&quot;:&quot;px&quot;,&quot;size&quot;:-90,&quot;sizes&quot;:[]},&quot;avante_ext_smoove_translatey&quot;:{&quot;unit&quot;:&quot;px&quot;,&quot;size&quot;:40,&quot;sizes&quot;:[]},&quot;avante_ext_smoove_translatez&quot;:{&quot;unit&quot;:&quot;px&quot;,&quot;size&quot;:-140,&quot;sizes&quot;:[]},&quot;avante_ext_smoove_translatex&quot;:{&quot;unit&quot;:&quot;px&quot;,&quot;size&quot;:-40,&quot;sizes&quot;:[]},&quot;avante_ext_is_scrollme&quot;:&quot;false&quot;,&quot;avante_ext_smoove_scalex&quot;:{&quot;unit&quot;:&quot;px&quot;,&quot;size&quot;:1,&quot;sizes&quot;:[]},&quot;avante_ext_smoove_scaley&quot;:{&quot;unit&quot;:&quot;px&quot;,&quot;size&quot;:1,&quot;sizes&quot;:[]},&quot;avante_ext_smoove_rotatey&quot;:{&quot;unit&quot;:&quot;px&quot;,&quot;size&quot;:0,&quot;sizes&quot;:[]},&quot;avante_ext_smoove_rotatez&quot;:{&quot;unit&quot;:&quot;px&quot;,&quot;size&quot;:0,&quot;sizes&quot;:[]},&quot;avante_ext_smoove_skewx&quot;:{&quot;unit&quot;:&quot;px&quot;,&quot;size&quot;:0,&quot;sizes&quot;:[]},&quot;avante_ext_smoove_skewy&quot;:{&quot;unit&quot;:&quot;px&quot;,&quot;size&quot;:0,&quot;sizes&quot;:[]},&quot;avante_ext_smoove_perspective&quot;:{&quot;unit&quot;:&quot;px&quot;,&quot;size&quot;:1000,&quot;sizes&quot;:[]},&quot;avante_ext_is_parallax_mouse&quot;:&quot;false&quot;,&quot;avante_ext_is_infinite&quot;:&quot;false&quot;}\" data-widget_type=\"heading.default\">\n\t\t\t\t<div class=\"elementor-widget-container\">\n\t\t\t\t\t<span class=\"elementor-heading-title elementor-size-default\">ebook<\/span>\t\t\t\t<\/div>\n\t\t\t\t<\/div>\n\t\t\t\t<div class=\"elementor-element elementor-element-b8dd408 elementor-widget__width-inherit elementor-widget elementor-widget-heading\" data-id=\"b8dd408\" data-element_type=\"widget\" data-settings=\"{&quot;avante_ext_is_smoove&quot;:&quot;true&quot;,&quot;avante_ext_smoove_disable&quot;:&quot;769&quot;,&quot;avante_ext_smoove_duration&quot;:1000,&quot;avante_ext_smoove_rotatex&quot;:{&quot;unit&quot;:&quot;px&quot;,&quot;size&quot;:-90,&quot;sizes&quot;:[]},&quot;avante_ext_smoove_translatex&quot;:{&quot;unit&quot;:&quot;px&quot;,&quot;size&quot;:-40,&quot;sizes&quot;:[]},&quot;avante_ext_smoove_translatey&quot;:{&quot;unit&quot;:&quot;px&quot;,&quot;size&quot;:40,&quot;sizes&quot;:[]},&quot;avante_ext_smoove_translatez&quot;:{&quot;unit&quot;:&quot;px&quot;,&quot;size&quot;:-140,&quot;sizes&quot;:[]},&quot;avante_ext_is_scrollme&quot;:&quot;false&quot;,&quot;avante_ext_smoove_scalex&quot;:{&quot;unit&quot;:&quot;px&quot;,&quot;size&quot;:1,&quot;sizes&quot;:[]},&quot;avante_ext_smoove_scaley&quot;:{&quot;unit&quot;:&quot;px&quot;,&quot;size&quot;:1,&quot;sizes&quot;:[]},&quot;avante_ext_smoove_rotatey&quot;:{&quot;unit&quot;:&quot;px&quot;,&quot;size&quot;:0,&quot;sizes&quot;:[]},&quot;avante_ext_smoove_rotatez&quot;:{&quot;unit&quot;:&quot;px&quot;,&quot;size&quot;:0,&quot;sizes&quot;:[]},&quot;avante_ext_smoove_skewx&quot;:{&quot;unit&quot;:&quot;px&quot;,&quot;size&quot;:0,&quot;sizes&quot;:[]},&quot;avante_ext_smoove_skewy&quot;:{&quot;unit&quot;:&quot;px&quot;,&quot;size&quot;:0,&quot;sizes&quot;:[]},&quot;avante_ext_smoove_perspective&quot;:{&quot;unit&quot;:&quot;px&quot;,&quot;size&quot;:1000,&quot;sizes&quot;:[]},&quot;avante_ext_is_parallax_mouse&quot;:&quot;false&quot;,&quot;avante_ext_is_infinite&quot;:&quot;false&quot;}\" data-widget_type=\"heading.default\">\n\t\t\t\t<div class=\"elementor-widget-container\">\n\t\t\t\t\t<h1 class=\"elementor-heading-title elementor-size-large\">'C\u00f3mo elegir al socio perfecto'<\/h1>\t\t\t\t<\/div>\n\t\t\t\t<\/div>\n\t\t\t\t<div class=\"elementor-element elementor-element-0d91c56 elementor-widget elementor-widget-text-editor\" data-id=\"0d91c56\" data-element_type=\"widget\" data-settings=\"{&quot;avante_ext_is_scrollme&quot;:&quot;false&quot;,&quot;avante_ext_is_smoove&quot;:&quot;false&quot;,&quot;avante_ext_is_parallax_mouse&quot;:&quot;false&quot;,&quot;avante_ext_is_infinite&quot;:&quot;false&quot;}\" data-widget_type=\"text-editor.default\">\n\t\t\t\t<div class=\"elementor-widget-container\">\n\t\t\t\t\t\t\t\t\t<p>Gu\u00eda para tomar decisiones fundadas al seleccionar el fabricante de tu producto<\/p>\n\t\t\t\t\t\t\t\t<\/div>\n\t\t\t\t<\/div>\n\t\t\t\t\t<\/div>\n\t\t<\/div>\n\t\t\t\t\t<\/div>\n\t\t<\/section>\n\t\t\t\t<section class=\"elementor-section elementor-top-section elementor-element elementor-element-b386a49 elementor-section-boxed elementor-section-height-default elementor-section-height-default\" data-id=\"b386a49\" data-element_type=\"section\">\n\t\t\t\t\t\t<div class=\"elementor-container elementor-column-gap-default\">\n\t\t\t\t\t\t<\/div>\n\t\t<\/section>\n\t\t\t\t<section class=\"elementor-section elementor-top-section elementor-element elementor-element-2c218e25 elementor-section-stretched elementor-section-boxed elementor-section-height-default elementor-section-height-default\" data-id=\"2c218e25\" data-element_type=\"section\" data-settings=\"{&quot;stretch_section&quot;:&quot;section-stretched&quot;,&quot;background_background&quot;:&quot;classic&quot;}\">\n\t\t\t\t\t\t<div class=\"elementor-container elementor-column-gap-default\">\n\t\t\t\t\t<div class=\"elementor-column elementor-col-50 elementor-top-column elementor-element elementor-element-276ec029\" data-id=\"276ec029\" data-element_type=\"column\" data-settings=\"{&quot;avante_ext_is_scrollme&quot;:&quot;false&quot;,&quot;avante_ext_is_smoove&quot;:&quot;false&quot;,&quot;avante_ext_is_parallax_mouse&quot;:&quot;false&quot;,&quot;avante_ext_is_infinite&quot;:&quot;false&quot;}\">\n\t\t\t<div class=\"elementor-widget-wrap elementor-element-populated\">\n\t\t\t\t\t\t<div class=\"elementor-element elementor-element-57d15cf5 elementor-widget elementor-widget-heading\" data-id=\"57d15cf5\" data-element_type=\"widget\" data-settings=\"{&quot;avante_ext_is_scrollme&quot;:&quot;false&quot;,&quot;avante_ext_is_smoove&quot;:&quot;false&quot;,&quot;avante_ext_is_parallax_mouse&quot;:&quot;false&quot;,&quot;avante_ext_is_infinite&quot;:&quot;false&quot;}\" data-widget_type=\"heading.default\">\n\t\t\t\t<div class=\"elementor-widget-container\">\n\t\t\t\t\t<h1 class=\"elementor-heading-title elementor-size-small\">\u00bfTe gustar\u00eda conocer los puntos clave que necesitas para tomar una buena decisi\u00f3n al elegir a tu proveedor de EMS?<\/h1>\t\t\t\t<\/div>\n\t\t\t\t<\/div>\n\t\t\t\t<div class=\"elementor-element elementor-element-f5f4e78 elementor-widget elementor-widget-text-editor\" data-id=\"f5f4e78\" data-element_type=\"widget\" data-settings=\"{&quot;avante_ext_is_scrollme&quot;:&quot;false&quot;,&quot;avante_ext_is_smoove&quot;:&quot;false&quot;,&quot;avante_ext_is_parallax_mouse&quot;:&quot;false&quot;,&quot;avante_ext_is_infinite&quot;:&quot;false&quot;}\" data-widget_type=\"text-editor.default\">\n\t\t\t\t<div class=\"elementor-widget-container\">\n\t\t\t\t\t\t\t\t\t<p>La gu\u00eda definitiva que te ayudar\u00e1 en esta dura y significativa decisi\u00f3n que puede determinar el futuro de tus ventas.<\/p>\n\t\t\t\t\t\t\t\t<\/div>\n\t\t\t\t<\/div>\n\t\t\t\t<div class=\"elementor-element elementor-element-76946c1 elementor-widget elementor-widget-image\" data-id=\"76946c1\" data-element_type=\"widget\" data-settings=\"{&quot;avante_ext_is_scrollme&quot;:&quot;false&quot;,&quot;avante_ext_is_smoove&quot;:&quot;false&quot;,&quot;avante_ext_is_parallax_mouse&quot;:&quot;false&quot;,&quot;avante_ext_is_infinite&quot;:&quot;false&quot;}\" data-widget_type=\"image.default\">\n\t\t\t\t<div class=\"elementor-widget-container\">\n\t\t\t\t\t\t\t\t\t\t\t\t\t\t\t<img fetchpriority=\"high\" decoding=\"async\" width=\"1024\" height=\"720\" src=\"https:\/\/digiproces.com\/wp-content\/uploads\/2021\/04\/portada-eBook-1024x720.jpg\" class=\"attachment-large size-large wp-image-15205\" alt=\"\" srcset=\"https:\/\/digiproces.com\/wp-content\/uploads\/2021\/04\/portada-eBook-1024x720.jpg 1024w, https:\/\/digiproces.com\/wp-content\/uploads\/2021\/04\/portada-eBook-300x211.jpg 300w, https:\/\/digiproces.com\/wp-content\/uploads\/2021\/04\/portada-eBook-768x540.jpg 768w, https:\/\/digiproces.com\/wp-content\/uploads\/2021\/04\/portada-eBook-440x309.jpg 440w, https:\/\/digiproces.com\/wp-content\/uploads\/2021\/04\/portada-eBook.jpg 1294w\" sizes=\"(max-width: 1024px) 100vw, 1024px\" \/>\t\t\t\t\t\t\t\t\t\t\t\t\t\t\t<\/div>\n\t\t\t\t<\/div>\n\t\t\t\t\t<\/div>\n\t\t<\/div>\n\t\t\t\t<div class=\"elementor-column elementor-col-50 elementor-top-column elementor-element elementor-element-69aa8a2a\" data-id=\"69aa8a2a\" data-element_type=\"column\" data-settings=\"{&quot;background_background&quot;:&quot;classic&quot;,&quot;avante_ext_is_smoove&quot;:&quot;true&quot;,&quot;avante_ext_smoove_disable&quot;:&quot;769&quot;,&quot;avante_ext_smoove_duration&quot;:500,&quot;avante_ext_smoove_scalex&quot;:{&quot;unit&quot;:&quot;px&quot;,&quot;size&quot;:0.8000000000000000444089209850062616169452667236328125,&quot;sizes&quot;:[]},&quot;avante_ext_smoove_scaley&quot;:{&quot;unit&quot;:&quot;px&quot;,&quot;size&quot;:0.8000000000000000444089209850062616169452667236328125,&quot;sizes&quot;:[]},&quot;avante_ext_smoove_rotatex&quot;:{&quot;unit&quot;:&quot;px&quot;,&quot;size&quot;:0,&quot;sizes&quot;:[]},&quot;avante_ext_smoove_rotatey&quot;:{&quot;unit&quot;:&quot;px&quot;,&quot;size&quot;:0,&quot;sizes&quot;:[]},&quot;avante_ext_smoove_rotatez&quot;:{&quot;unit&quot;:&quot;px&quot;,&quot;size&quot;:0,&quot;sizes&quot;:[]},&quot;avante_ext_smoove_translatex&quot;:{&quot;unit&quot;:&quot;px&quot;,&quot;size&quot;:0,&quot;sizes&quot;:[]},&quot;avante_ext_smoove_translatey&quot;:{&quot;unit&quot;:&quot;px&quot;,&quot;size&quot;:0,&quot;sizes&quot;:[]},&quot;avante_ext_smoove_translatez&quot;:{&quot;unit&quot;:&quot;px&quot;,&quot;size&quot;:0,&quot;sizes&quot;:[]},&quot;avante_ext_smoove_skewx&quot;:{&quot;unit&quot;:&quot;px&quot;,&quot;size&quot;:0,&quot;sizes&quot;:[]},&quot;avante_ext_smoove_skewy&quot;:{&quot;unit&quot;:&quot;px&quot;,&quot;size&quot;:0,&quot;sizes&quot;:[]},&quot;avante_ext_smoove_perspective&quot;:{&quot;unit&quot;:&quot;px&quot;,&quot;size&quot;:1000,&quot;sizes&quot;:[]},&quot;avante_ext_is_infinite&quot;:&quot;false&quot;}\">\n\t\t\t<div class=\"elementor-widget-wrap elementor-element-populated\">\n\t\t\t\t\t\t<div class=\"elementor-element elementor-element-72e04057 elementor-widget__width-auto elementor-widget-mobile__width-inherit elementor-widget elementor-widget-heading\" data-id=\"72e04057\" data-element_type=\"widget\" data-settings=\"{&quot;avante_ext_is_smoove&quot;:&quot;true&quot;,&quot;avante_ext_smoove_disable&quot;:&quot;769&quot;,&quot;avante_ext_smoove_duration&quot;:500,&quot;avante_ext_smoove_translatey&quot;:{&quot;unit&quot;:&quot;px&quot;,&quot;size&quot;:40,&quot;sizes&quot;:[]},&quot;avante_ext_smoove_scalex&quot;:{&quot;unit&quot;:&quot;px&quot;,&quot;size&quot;:0.8000000000000000444089209850062616169452667236328125,&quot;sizes&quot;:[]},&quot;avante_ext_smoove_scaley&quot;:{&quot;unit&quot;:&quot;px&quot;,&quot;size&quot;:0.8000000000000000444089209850062616169452667236328125,&quot;sizes&quot;:[]},&quot;avante_ext_is_scrollme&quot;:&quot;false&quot;,&quot;avante_ext_smoove_rotatex&quot;:{&quot;unit&quot;:&quot;px&quot;,&quot;size&quot;:0,&quot;sizes&quot;:[]},&quot;avante_ext_smoove_rotatey&quot;:{&quot;unit&quot;:&quot;px&quot;,&quot;size&quot;:0,&quot;sizes&quot;:[]},&quot;avante_ext_smoove_rotatez&quot;:{&quot;unit&quot;:&quot;px&quot;,&quot;size&quot;:0,&quot;sizes&quot;:[]},&quot;avante_ext_smoove_translatex&quot;:{&quot;unit&quot;:&quot;px&quot;,&quot;size&quot;:0,&quot;sizes&quot;:[]},&quot;avante_ext_smoove_translatez&quot;:{&quot;unit&quot;:&quot;px&quot;,&quot;size&quot;:0,&quot;sizes&quot;:[]},&quot;avante_ext_smoove_skewx&quot;:{&quot;unit&quot;:&quot;px&quot;,&quot;size&quot;:0,&quot;sizes&quot;:[]},&quot;avante_ext_smoove_skewy&quot;:{&quot;unit&quot;:&quot;px&quot;,&quot;size&quot;:0,&quot;sizes&quot;:[]},&quot;avante_ext_smoove_perspective&quot;:{&quot;unit&quot;:&quot;px&quot;,&quot;size&quot;:1000,&quot;sizes&quot;:[]},&quot;avante_ext_is_parallax_mouse&quot;:&quot;false&quot;,&quot;avante_ext_is_infinite&quot;:&quot;false&quot;}\" data-widget_type=\"heading.default\">\n\t\t\t\t<div class=\"elementor-widget-container\">\n\t\t\t\t\t<h2 class=\"elementor-heading-title elementor-size-default\">\u00a1Consigue tu eBook gratuito!<\/h2>\t\t\t\t<\/div>\n\t\t\t\t<\/div>\n\t\t\t\t<div class=\"elementor-element elementor-element-2ba641d6 elementor-widget__width-inherit elementor-widget elementor-widget-text-editor\" data-id=\"2ba641d6\" data-element_type=\"widget\" data-settings=\"{&quot;avante_ext_is_smoove&quot;:&quot;true&quot;,&quot;avante_ext_smoove_disable&quot;:&quot;769&quot;,&quot;avante_ext_smoove_duration&quot;:500,&quot;avante_ext_smoove_translatey&quot;:{&quot;unit&quot;:&quot;px&quot;,&quot;size&quot;:40,&quot;sizes&quot;:[]},&quot;avante_ext_smoove_scalex&quot;:{&quot;unit&quot;:&quot;px&quot;,&quot;size&quot;:0.8000000000000000444089209850062616169452667236328125,&quot;sizes&quot;:[]},&quot;avante_ext_smoove_scaley&quot;:{&quot;unit&quot;:&quot;px&quot;,&quot;size&quot;:0.8000000000000000444089209850062616169452667236328125,&quot;sizes&quot;:[]},&quot;avante_ext_is_scrollme&quot;:&quot;false&quot;,&quot;avante_ext_smoove_rotatex&quot;:{&quot;unit&quot;:&quot;px&quot;,&quot;size&quot;:0,&quot;sizes&quot;:[]},&quot;avante_ext_smoove_rotatey&quot;:{&quot;unit&quot;:&quot;px&quot;,&quot;size&quot;:0,&quot;sizes&quot;:[]},&quot;avante_ext_smoove_rotatez&quot;:{&quot;unit&quot;:&quot;px&quot;,&quot;size&quot;:0,&quot;sizes&quot;:[]},&quot;avante_ext_smoove_translatex&quot;:{&quot;unit&quot;:&quot;px&quot;,&quot;size&quot;:0,&quot;sizes&quot;:[]},&quot;avante_ext_smoove_translatez&quot;:{&quot;unit&quot;:&quot;px&quot;,&quot;size&quot;:0,&quot;sizes&quot;:[]},&quot;avante_ext_smoove_skewx&quot;:{&quot;unit&quot;:&quot;px&quot;,&quot;size&quot;:0,&quot;sizes&quot;:[]},&quot;avante_ext_smoove_skewy&quot;:{&quot;unit&quot;:&quot;px&quot;,&quot;size&quot;:0,&quot;sizes&quot;:[]},&quot;avante_ext_smoove_perspective&quot;:{&quot;unit&quot;:&quot;px&quot;,&quot;size&quot;:1000,&quot;sizes&quot;:[]},&quot;avante_ext_is_parallax_mouse&quot;:&quot;false&quot;,&quot;avante_ext_is_infinite&quot;:&quot;false&quot;}\" data-widget_type=\"text-editor.default\">\n\t\t\t\t<div class=\"elementor-widget-container\">\n\t\t\t\t\t\t\t\t\t<div class=\"lqd-lines split-unit lqd-unit-animation-done\">\n<p>Suscr\u00edbete a nuestro newsletter para recibir nuestras \u00faltimas noticias y tambi\u00e9n tendr\u00e1s acceso a estre eBook gratuito.<\/p>\n<\/div>\n\t\t\t\t\t\t\t\t<\/div>\n\t\t\t\t<\/div>\n\t\t\t\t<div class=\"elementor-element elementor-element-28c432f elementor-widget elementor-widget-html\" data-id=\"28c432f\" data-element_type=\"widget\" data-settings=\"{&quot;avante_ext_is_scrollme&quot;:&quot;false&quot;,&quot;avante_ext_is_smoove&quot;:&quot;false&quot;,&quot;avante_ext_is_parallax_mouse&quot;:&quot;false&quot;,&quot;avante_ext_is_infinite&quot;:&quot;false&quot;}\" data-widget_type=\"html.default\">\n\t\t\t\t<div class=\"elementor-widget-container\">\n\t\t\t\t\t<div class=\"_form_11\"><\/div><script src=\"https:\/\/digiproces.activehosted.com\/f\/embed.php?id=11\" charset=\"utf-8\"><\/script>\t\t\t\t<\/div>\n\t\t\t\t<\/div>\n\t\t\t\t\t<\/div>\n\t\t<\/div>\n\t\t\t\t\t<\/div>\n\t\t<\/section>\n\t\t\t\t<\/div>\n\t\t","protected":false},"excerpt":{"rendered":"<p>ebook &#8216;C\u00f3mo elegir al socio perfecto&#8217; Gu\u00eda para tomar decisiones fundadas al seleccionar el fabricante de tu producto \u00bfTe gustar\u00eda conocer los puntos clave que necesitas para tomar una buena decisi\u00f3n al elegir a tu proveedor de EMS? La gu\u00eda [&hellip;]<\/p>\n","protected":false},"author":2,"featured_media":0,"parent":0,"menu_order":0,"comment_status":"closed","ping_status":"closed","template":"","meta":{"footnotes":""},"class_list":["post-17781","page","type-page","status-publish","hentry"],"yoast_head":"<!-- This site is optimized with the Yoast SEO plugin v25.4 - https:\/\/yoast.com\/wordpress\/plugins\/seo\/ -->\n<title>Descarga Nuestro eBook | DigiProces<\/title>\n<meta name=\"description\" content=\"Descarga ahora el eBook &quot;C\u00f3mo elegir el socio ideal&quot;. Aprende a tomar decisiones acertadas a la hora de seleccionar la producci\u00f3n de tu producto. \u00a1Contacta con nosotros!\" \/>\n<meta name=\"robots\" content=\"index, follow, max-snippet:-1, max-image-preview:large, max-video-preview:-1\" \/>\n<link rel=\"canonical\" href=\"https:\/\/digiproces.com\/es\/descargar-ebook\/\" \/>\n<meta property=\"og:locale\" content=\"es_ES\" \/>\n<meta property=\"og:type\" content=\"article\" \/>\n<meta property=\"og:title\" content=\"Descarga Nuestro eBook | DigiProces\" \/>\n<meta property=\"og:description\" content=\"Descarga ahora el eBook &quot;C\u00f3mo elegir el socio ideal&quot;. Aprende a tomar decisiones acertadas a la hora de seleccionar la producci\u00f3n de tu producto. \u00a1Contacta con nosotros!\" \/>\n<meta property=\"og:url\" content=\"https:\/\/digiproces.com\/es\/descargar-ebook\/\" \/>\n<meta property=\"og:site_name\" content=\"DigiProces\" \/>\n<meta property=\"article:modified_time\" content=\"2025-08-01T08:47:38+00:00\" \/>\n<meta property=\"og:image\" content=\"https:\/\/digiproces.com\/wp-content\/uploads\/2021\/04\/portada-eBook.jpg\" \/>\n\t<meta property=\"og:image:width\" content=\"1294\" \/>\n\t<meta property=\"og:image:height\" content=\"910\" \/>\n\t<meta property=\"og:image:type\" content=\"image\/jpeg\" \/>\n<meta name=\"twitter:card\" content=\"summary_large_image\" \/>\n<meta name=\"twitter:label1\" content=\"Tiempo de lectura\" \/>\n\t<meta name=\"twitter:data1\" content=\"2 minutos\" \/>\n<script type=\"application\/ld+json\" class=\"yoast-schema-graph\">{\"@context\":\"https:\/\/schema.org\",\"@graph\":[{\"@type\":\"WebPage\",\"@id\":\"https:\/\/digiproces.com\/es\/descargar-ebook\/\",\"url\":\"https:\/\/digiproces.com\/es\/descargar-ebook\/\",\"name\":\"Descarga Nuestro eBook | DigiProces\",\"isPartOf\":{\"@id\":\"https:\/\/digiproces.com\/es\/#website\"},\"primaryImageOfPage\":{\"@id\":\"https:\/\/digiproces.com\/es\/descargar-ebook\/#primaryimage\"},\"image\":{\"@id\":\"https:\/\/digiproces.com\/es\/descargar-ebook\/#primaryimage\"},\"thumbnailUrl\":\"https:\/\/digiproces.com\/wp-content\/uploads\/2021\/04\/portada-eBook-1024x720.jpg\",\"datePublished\":\"2021-06-08T13:46:37+00:00\",\"dateModified\":\"2025-08-01T08:47:38+00:00\",\"description\":\"Descarga ahora el eBook \\\"C\u00f3mo elegir el socio ideal\\\". Aprende a tomar decisiones acertadas a la hora de seleccionar la producci\u00f3n de tu producto. \u00a1Contacta con nosotros!\",\"breadcrumb\":{\"@id\":\"https:\/\/digiproces.com\/es\/descargar-ebook\/#breadcrumb\"},\"inLanguage\":\"es\",\"potentialAction\":[{\"@type\":\"ReadAction\",\"target\":[\"https:\/\/digiproces.com\/es\/descargar-ebook\/\"]}]},{\"@type\":\"ImageObject\",\"inLanguage\":\"es\",\"@id\":\"https:\/\/digiproces.com\/es\/descargar-ebook\/#primaryimage\",\"url\":\"https:\/\/digiproces.com\/wp-content\/uploads\/2021\/04\/portada-eBook-1024x720.jpg\",\"contentUrl\":\"https:\/\/digiproces.com\/wp-content\/uploads\/2021\/04\/portada-eBook-1024x720.jpg\"},{\"@type\":\"BreadcrumbList\",\"@id\":\"https:\/\/digiproces.com\/es\/descargar-ebook\/#breadcrumb\",\"itemListElement\":[{\"@type\":\"ListItem\",\"position\":1,\"name\":\"Home\",\"item\":\"https:\/\/digiproces.com\/es\/\"},{\"@type\":\"ListItem\",\"position\":2,\"name\":\"Descargar eBook\"}]},{\"@type\":\"WebSite\",\"@id\":\"https:\/\/digiproces.com\/es\/#website\",\"url\":\"https:\/\/digiproces.com\/es\/\",\"name\":\"DigiProces\",\"description\":\"Dise\u00f1o, industrialitzaci\u00f3n, fabricaci\u00f3n y montaje de circuitos electr\u00f3nicos.\",\"potentialAction\":[{\"@type\":\"SearchAction\",\"target\":{\"@type\":\"EntryPoint\",\"urlTemplate\":\"https:\/\/digiproces.com\/es\/?s={search_term_string}\"},\"query-input\":{\"@type\":\"PropertyValueSpecification\",\"valueRequired\":true,\"valueName\":\"search_term_string\"}}],\"inLanguage\":\"es\"}]}<\/script>\n<!-- \/ Yoast SEO plugin. -->","yoast_head_json":{"title":"Descarga Nuestro eBook | DigiProces","description":"Descarga ahora el eBook \"C\u00f3mo elegir el socio ideal\". Aprende a tomar decisiones acertadas a la hora de seleccionar la producci\u00f3n de tu producto. \u00a1Contacta con nosotros!","robots":{"index":"index","follow":"follow","max-snippet":"max-snippet:-1","max-image-preview":"max-image-preview:large","max-video-preview":"max-video-preview:-1"},"canonical":"https:\/\/digiproces.com\/es\/descargar-ebook\/","og_locale":"es_ES","og_type":"article","og_title":"Descarga Nuestro eBook | DigiProces","og_description":"Descarga ahora el eBook \"C\u00f3mo elegir el socio ideal\". Aprende a tomar decisiones acertadas a la hora de seleccionar la producci\u00f3n de tu producto. \u00a1Contacta con nosotros!","og_url":"https:\/\/digiproces.com\/es\/descargar-ebook\/","og_site_name":"DigiProces","article_modified_time":"2025-08-01T08:47:38+00:00","og_image":[{"width":1294,"height":910,"url":"https:\/\/digiproces.com\/wp-content\/uploads\/2021\/04\/portada-eBook.jpg","type":"image\/jpeg"}],"twitter_card":"summary_large_image","twitter_misc":{"Tiempo de lectura":"2 minutos"},"schema":{"@context":"https:\/\/schema.org","@graph":[{"@type":"WebPage","@id":"https:\/\/digiproces.com\/es\/descargar-ebook\/","url":"https:\/\/digiproces.com\/es\/descargar-ebook\/","name":"Descarga Nuestro eBook | DigiProces","isPartOf":{"@id":"https:\/\/digiproces.com\/es\/#website"},"primaryImageOfPage":{"@id":"https:\/\/digiproces.com\/es\/descargar-ebook\/#primaryimage"},"image":{"@id":"https:\/\/digiproces.com\/es\/descargar-ebook\/#primaryimage"},"thumbnailUrl":"https:\/\/digiproces.com\/wp-content\/uploads\/2021\/04\/portada-eBook-1024x720.jpg","datePublished":"2021-06-08T13:46:37+00:00","dateModified":"2025-08-01T08:47:38+00:00","description":"Descarga ahora el eBook \"C\u00f3mo elegir el socio ideal\". Aprende a tomar decisiones acertadas a la hora de seleccionar la producci\u00f3n de tu producto. \u00a1Contacta con nosotros!","breadcrumb":{"@id":"https:\/\/digiproces.com\/es\/descargar-ebook\/#breadcrumb"},"inLanguage":"es","potentialAction":[{"@type":"ReadAction","target":["https:\/\/digiproces.com\/es\/descargar-ebook\/"]}]},{"@type":"ImageObject","inLanguage":"es","@id":"https:\/\/digiproces.com\/es\/descargar-ebook\/#primaryimage","url":"https:\/\/digiproces.com\/wp-content\/uploads\/2021\/04\/portada-eBook-1024x720.jpg","contentUrl":"https:\/\/digiproces.com\/wp-content\/uploads\/2021\/04\/portada-eBook-1024x720.jpg"},{"@type":"BreadcrumbList","@id":"https:\/\/digiproces.com\/es\/descargar-ebook\/#breadcrumb","itemListElement":[{"@type":"ListItem","position":1,"name":"Home","item":"https:\/\/digiproces.com\/es\/"},{"@type":"ListItem","position":2,"name":"Descargar eBook"}]},{"@type":"WebSite","@id":"https:\/\/digiproces.com\/es\/#website","url":"https:\/\/digiproces.com\/es\/","name":"DigiProces","description":"Dise\u00f1o, industrialitzaci\u00f3n, fabricaci\u00f3n y montaje de circuitos electr\u00f3nicos.","potentialAction":[{"@type":"SearchAction","target":{"@type":"EntryPoint","urlTemplate":"https:\/\/digiproces.com\/es\/?s={search_term_string}"},"query-input":{"@type":"PropertyValueSpecification","valueRequired":true,"valueName":"search_term_string"}}],"inLanguage":"es"}]}},"_links":{"self":[{"href":"https:\/\/digiproces.com\/es\/wp-json\/wp\/v2\/pages\/17781","targetHints":{"allow":["GET"]}}],"collection":[{"href":"https:\/\/digiproces.com\/es\/wp-json\/wp\/v2\/pages"}],"about":[{"href":"https:\/\/digiproces.com\/es\/wp-json\/wp\/v2\/types\/page"}],"author":[{"embeddable":true,"href":"https:\/\/digiproces.com\/es\/wp-json\/wp\/v2\/users\/2"}],"replies":[{"embeddable":true,"href":"https:\/\/digiproces.com\/es\/wp-json\/wp\/v2\/comments?post=17781"}],"version-history":[{"count":10,"href":"https:\/\/digiproces.com\/es\/wp-json\/wp\/v2\/pages\/17781\/revisions"}],"predecessor-version":[{"id":31225,"href":"https:\/\/digiproces.com\/es\/wp-json\/wp\/v2\/pages\/17781\/revisions\/31225"}],"wp:attachment":[{"href":"https:\/\/digiproces.com\/es\/wp-json\/wp\/v2\/media?parent=17781"}],"curies":[{"name":"wp","href":"https:\/\/api.w.org\/{rel}","templated":true}]}}