{"id":28042,"date":"2025-01-14T12:23:07","date_gmt":"2025-01-14T11:23:07","guid":{"rendered":"https:\/\/digiproces.com\/terminos-y-condiciones\/"},"modified":"2025-01-14T12:59:33","modified_gmt":"2025-01-14T11:59:33","slug":"terminos-y-condiciones","status":"publish","type":"page","link":"https:\/\/digiproces.com\/es\/terminos-y-condiciones\/","title":{"rendered":"T\u00e9rminos y condiciones"},"content":{"rendered":"\t\t<div data-elementor-type=\"wp-page\" data-elementor-id=\"28042\" class=\"elementor elementor-28042 elementor-27997\" data-elementor-post-type=\"page\">\n\t\t\t\t\t\t<section class=\"elementor-section elementor-top-section elementor-element elementor-element-127ab5a elementor-section-boxed elementor-section-height-default elementor-section-height-default\" data-id=\"127ab5a\" data-element_type=\"section\">\n\t\t\t\t\t\t<div class=\"elementor-container elementor-column-gap-default\">\n\t\t\t\t\t<div class=\"elementor-column elementor-col-100 elementor-top-column elementor-element elementor-element-caab7b8\" data-id=\"caab7b8\" data-element_type=\"column\" data-settings=\"{&quot;avante_ext_is_scrollme&quot;:&quot;false&quot;,&quot;avante_ext_is_smoove&quot;:&quot;false&quot;,&quot;avante_ext_is_parallax_mouse&quot;:&quot;false&quot;,&quot;avante_ext_is_infinite&quot;:&quot;false&quot;}\">\n\t\t\t<div class=\"elementor-widget-wrap elementor-element-populated\">\n\t\t\t\t\t\t<div class=\"elementor-element elementor-element-b8bfd4c elementor-widget elementor-widget-text-editor\" data-id=\"b8bfd4c\" data-element_type=\"widget\" data-settings=\"{&quot;avante_ext_is_scrollme&quot;:&quot;false&quot;,&quot;avante_ext_is_smoove&quot;:&quot;false&quot;,&quot;avante_ext_is_parallax_mouse&quot;:&quot;false&quot;,&quot;avante_ext_is_infinite&quot;:&quot;false&quot;}\" data-widget_type=\"text-editor.default\">\n\t\t\t\t<div class=\"elementor-widget-container\">\n\t\t\t\t\t\t\t\t\t<strong>INFORMACI\u00d3N GENERAL<\/strong>\r\n<BR>\r\nEn cumplimiento con el deber de informaci\u00f3n recogido en la Ley 34\/2002 de Servicios de la Sociedad de la Informaci\u00f3n y del Comercio Electr\u00f3nico (LSSI-CE) de 11 de julio, facilitamos a continuaci\u00f3n los datos de informaci\u00f3n general de nuestro sitio web:\r\n<ul>\r\n \t<li>Web: <a href=\"http:\/\/www.digiproces.com\">www.digiproces.com<\/a> (en adelante, Web)<\/li>\r\n \t<li>Owner company name: DIGIPROCES, S. A. (en adelante, DigiProces o nosotros)<\/li>\r\n \t<li>NIF: A58339771<\/li>\r\n \t<li>Direcci\u00f3n: Calle Solson\u00e8s, 87. P. I. Pla de la Bruguera. 08211 Castellar del Vall\u00e8s (Barcelona, Spain)<\/li>\r\n \t<li>Tel\u00e9fono: +34 937 142 132<\/li>\r\n \t<li>Correo electr\u00f3nico: <a href=\"mailto:info@digiproces.com\">info@digiproces.com<\/a><\/li>\r\n<\/ul>\r\n&nbsp;\r\n<BR>\r\n<BR>\r\n<strong>USO DE ESTA WEB<\/strong>\r\n<BR>\r\n\r\nTanto el acceso al sitio web como el uso que pueda hacerse de la informaci\u00f3n y contenidos incluidos en el mismo ser\u00e1 de exclusiva responsabilidad de quien lo realice. Por tanto, cualquier uso de la informaci\u00f3n, im\u00e1genes, contenidos y\/o productos rese\u00f1ados y accesibles a trav\u00e9s del mismo, se har\u00e1 conforme a la legalidad, nacional o internacional, aplicable, as\u00ed como a los principios de buena fe y uso l\u00edcito por parte de los Usuarios, quienes ser\u00e1n enteramente responsables de dicho acceso y correcto uso.\r\n<BR>\r\n\r\nEs obligaci\u00f3n de los Usuarios hacer un uso razonable de los servicios o contenidos, bajo el principio de buena fe y con respeto a la legalidad vigente, a la moral, al orden p\u00fablico, a las buenas costumbres, a los derechos de terceros o de la propia DigiProces, todo ello seg\u00fan las posibilidades y fines para los que est\u00e1n concebidos. DigiProces no asume responsabilidad alguna, ya sea directa o indirecta, por da\u00f1o emergente o lucro cesante, o derivada del mal uso de los servicios o contenidos realizado por los Usuarios o terceros.\r\n\r\n&nbsp;\r\n<BR>\r\n<BR>\r\n\r\n<strong>DEFINICI\u00d3N DE USUARIO<\/strong>\r\n<BR>\r\n\r\nLa utilizaci\u00f3n de la web le atribuye la condici\u00f3n de Usuario, e implica la aceptaci\u00f3n plena y sin reservas de todas las disposiciones incluidas en esta pol\u00edtica de T\u00e9rminos y Condiciones en la versi\u00f3n publicada por DigiProces en el momento mismo en que el Usuario acceda a la web. En consecuencia, el Usuario debe leer atentamente estos T\u00e9rminos y Condiciones en cada una de las ocasiones en que utilice la web, ya que puede sufrir modificaciones.\r\n<BR>\r\n<BR>\r\n\r\n<strong>INFORMACI\u00d3N SOBRE LOS ENLACES<\/strong>\r\n<BR>\r\n\r\nDigiProces no asume ning\u00fan tipo de responsabilidad, ni siquiera de forma indirecta o subsidiaria, por los contenidos, informaciones, comunicaciones, opiniones o servicios enlazados desde aquellos Sitios Web no gestionados por DigiProces y que sean accesibles a trav\u00e9s de la Web.\r\n<BR>\r\n\r\nDigiProces no recomienda ni garantiza ninguna informaci\u00f3n obtenida a trav\u00e9s de un enlace ajeno a DigiProces, ni se responsabiliza de ninguna p\u00e9rdida, reclamaci\u00f3n o perjuicio derivada del uso de un enlace, o de la informaci\u00f3n obtenida a trav\u00e9s de \u00e9l, incluyendo otros enlaces o webs, de la interrupci\u00f3n en el servicio o en el acceso, o del intento de usar o usar mal un enlace, tanto al conectar a la web de DigiProces como al acceder a la informaci\u00f3n de otras webs desde la web de DigiProces.\r\n<BR>\r\n<BR>\r\n\r\n<strong>EXENCI\u00d3N Y LIMITACI\u00d3N DE RESPONSABILIDAD<\/strong>\r\n<BR>\r\n\r\nLa informaci\u00f3n y los servicios incluidos o disponibles a trav\u00e9s de estas p\u00e1ginas web pueden contener errores tipogr\u00e1ficos o de edici\u00f3n.\r\n<BR>\r\n\r\nDe vez en cuando, podremos introducir modificaciones en la informaci\u00f3n contenida en las mismas.\r\n<BR>\r\n\r\nEn cualquier momento DigiProces podr\u00e1 introducir mejoras y\/o cambios en los servicios o contenidos.\r\n<BR>\r\n\r\nDigiProces ha obtenido los datos y los materiales incluidos en la web de fuentes consideradas como fiables, pero si bien se han tomado las medidas oportunas para asegurar que la informaci\u00f3n contenida es correcta, DigiProces no garantiza su exactitud y actualizaci\u00f3n.\r\n<BR>\r\n<BR>\r\n\r\n<strong>EXENCI\u00d3N DE RESPONSABILIDAD DERIVADA DE UN FALLO T\u00c9CNICO Y DE CONTENIDO<\/strong>\r\n<BR>\r\n\r\nDigiProces no puede garantizar la inexistencia de interrupciones o errores en el acceso al Sitio Web y no asumir\u00e1 ninguna responsabilidad en caso de interrupciones o un mal funcionamiento de los servicios o contenidos ofrecidos, cualquiera que sea su causa.\r\n<BR>\r\n\r\nDigiProces no declara ni garantiza que los servicios o contenidos puedan ser interrumpidos o que est\u00e9n libres de errores, que los defectos sean corregidos, o que el servicio del servidor que lo pone a disposici\u00f3n est\u00e9 libre de virus u otros elementos nocivos, si bien DigiProces realizar\u00e1 los esfuerzos oportunos para evitar este tipo de eventos. En caso de que el Usuario tome determinadas decisiones o realice acciones con base en la informaci\u00f3n contenida en este sitio web, asumir\u00e1 la exclusiva responsabilidad por los da\u00f1os y consecuencias que de ello se deriven.\r\n<BR>\r\n<BR>\r\n\r\n<strong>DERECHOS COMERCIALES Y PROPIEDAD INTELECTUAL<\/strong>\r\n<BR>\r\n\r\nTodos los contenidos proporcionados por DigiProces constituyen una obra en el sentido de la normativa sobre propiedad intelectual, por lo que se encuentran protegidos por las leyes y los tratados internacionales dictados sobre la materia.\r\n<BR>\r\n\r\nPor tanto, todos dichos elementos y\/o contenidos (tales como: im\u00e1genes, audio, v\u00eddeo, software o textos, marcas o logotipos, combinaciones de colores, estructura y dise\u00f1o, aplicaciones necesarias para su funcionamiento, acceso y uso, etc.) y los derechos que pudieran ostentarse sobre los mismos son propiedad exclusiva de DigiProces.\r\n<BR>\r\n\r\nQueda prohibida cualquier forma de reproducci\u00f3n, distribuci\u00f3n, comunicaci\u00f3n p\u00fablica, modificaci\u00f3n, puesta a disposici\u00f3n y, en general, cualquier otro acto de explotaci\u00f3n p\u00fablica referido tanto a las p\u00e1ginas web como a sus contenidos e informaci\u00f3n, sin la expresa y previa autorizaci\u00f3n por escrito de DigiProces.\r\n<BR>\r\n<BR>\r\n\r\n<strong>VALIDEZ E INCUMPLIMIENTO DE LAS CONDICIONES<\/strong>\r\n<BR>\r\n\r\nDigiProces se reserva el derecho de introducir modificaciones a la presente pol\u00edtica de T\u00e9rminos y Condiciones, por lo que se recomienda a los usuarios que la visiten peri\u00f3dicamente. Cuando se produzcan cambios significativos, se comunicar\u00e1n a los usuarios para su aceptaci\u00f3n mediante avisos en el sitio web o a trav\u00e9s de correo electr\u00f3nico o cualquier otro procedimiento adecuado seg\u00fan las circunstancias.\r\n<BR>\r\n\r\nCualquier incumplimiento de los presentes T\u00e9rminos y Condiciones podr\u00e1 ser perseguido, as\u00ed como cualquier uso indebido del Sitio Web, pudiendo DigiProces ejercitar cuantas acciones legales le correspondan en defensa de sus leg\u00edtimos intereses. DigiProces se reserva tambi\u00e9n el derecho de limitar o prohibir el acceso a los usuarios que los incumplan.\r\n<BR>\r\n<BR>\r\n\r\n<strong>JURISDICCI\u00d3N Y LEY APLICABLE<\/strong>\r\n<BR>\r\n\r\nEstos T\u00e9rminos y Condiciones se regir\u00e1n e interpretar\u00e1n de conformidad con la legislaci\u00f3n espa\u00f1ola.\t\t\t\t\t\t\t\t<\/div>\n\t\t\t\t<\/div>\n\t\t\t\t\t<\/div>\n\t\t<\/div>\n\t\t\t\t\t<\/div>\n\t\t<\/section>\n\t\t\t\t<\/div>\n\t\t","protected":false},"excerpt":{"rendered":"<p>INFORMACI\u00d3N GENERAL En cumplimiento con el deber de informaci\u00f3n recogido en la Ley 34\/2002 de Servicios de la Sociedad de la Informaci\u00f3n y del Comercio Electr\u00f3nico (LSSI-CE) de 11 de julio, facilitamos a continuaci\u00f3n los datos de informaci\u00f3n general de [&hellip;]<\/p>\n","protected":false},"author":2,"featured_media":0,"parent":0,"menu_order":0,"comment_status":"closed","ping_status":"closed","template":"","meta":{"footnotes":""},"class_list":["post-28042","page","type-page","status-publish","hentry"],"yoast_head":"<!-- This site is optimized with the Yoast SEO plugin v25.4 - https:\/\/yoast.com\/wordpress\/plugins\/seo\/ -->\n<title>T\u00e9rminos y condiciones - DigiProces<\/title>\n<meta name=\"robots\" content=\"index, follow, max-snippet:-1, max-image-preview:large, max-video-preview:-1\" \/>\n<link rel=\"canonical\" href=\"https:\/\/digiproces.com\/es\/terminos-y-condiciones\/\" \/>\n<meta property=\"og:locale\" content=\"es_ES\" \/>\n<meta property=\"og:type\" content=\"article\" \/>\n<meta property=\"og:title\" content=\"T\u00e9rminos y condiciones - DigiProces\" \/>\n<meta property=\"og:description\" content=\"INFORMACI\u00d3N GENERAL En cumplimiento con el deber de informaci\u00f3n recogido en la Ley 34\/2002 de Servicios de la Sociedad de la Informaci\u00f3n y del Comercio Electr\u00f3nico (LSSI-CE) de 11 de julio, facilitamos a continuaci\u00f3n los datos de informaci\u00f3n general de [&hellip;]\" \/>\n<meta property=\"og:url\" content=\"https:\/\/digiproces.com\/es\/terminos-y-condiciones\/\" \/>\n<meta property=\"og:site_name\" content=\"DigiProces\" \/>\n<meta property=\"article:modified_time\" content=\"2025-01-14T11:59:33+00:00\" \/>\n<meta name=\"twitter:card\" content=\"summary_large_image\" \/>\n<meta name=\"twitter:label1\" content=\"Tiempo de lectura\" \/>\n\t<meta name=\"twitter:data1\" content=\"5 minutos\" \/>\n<script type=\"application\/ld+json\" class=\"yoast-schema-graph\">{\"@context\":\"https:\/\/schema.org\",\"@graph\":[{\"@type\":\"WebPage\",\"@id\":\"https:\/\/digiproces.com\/es\/terminos-y-condiciones\/\",\"url\":\"https:\/\/digiproces.com\/es\/terminos-y-condiciones\/\",\"name\":\"T\u00e9rminos y condiciones - DigiProces\",\"isPartOf\":{\"@id\":\"https:\/\/digiproces.com\/es\/#website\"},\"datePublished\":\"2025-01-14T11:23:07+00:00\",\"dateModified\":\"2025-01-14T11:59:33+00:00\",\"breadcrumb\":{\"@id\":\"https:\/\/digiproces.com\/es\/terminos-y-condiciones\/#breadcrumb\"},\"inLanguage\":\"es\",\"potentialAction\":[{\"@type\":\"ReadAction\",\"target\":[\"https:\/\/digiproces.com\/es\/terminos-y-condiciones\/\"]}]},{\"@type\":\"BreadcrumbList\",\"@id\":\"https:\/\/digiproces.com\/es\/terminos-y-condiciones\/#breadcrumb\",\"itemListElement\":[{\"@type\":\"ListItem\",\"position\":1,\"name\":\"Home\",\"item\":\"https:\/\/digiproces.com\/es\/\"},{\"@type\":\"ListItem\",\"position\":2,\"name\":\"T\u00e9rminos y condiciones\"}]},{\"@type\":\"WebSite\",\"@id\":\"https:\/\/digiproces.com\/es\/#website\",\"url\":\"https:\/\/digiproces.com\/es\/\",\"name\":\"DigiProces\",\"description\":\"Dise\u00f1o, industrialitzaci\u00f3n, fabricaci\u00f3n y montaje de circuitos electr\u00f3nicos.\",\"potentialAction\":[{\"@type\":\"SearchAction\",\"target\":{\"@type\":\"EntryPoint\",\"urlTemplate\":\"https:\/\/digiproces.com\/es\/?s={search_term_string}\"},\"query-input\":{\"@type\":\"PropertyValueSpecification\",\"valueRequired\":true,\"valueName\":\"search_term_string\"}}],\"inLanguage\":\"es\"}]}<\/script>\n<!-- \/ Yoast SEO plugin. -->","yoast_head_json":{"title":"T\u00e9rminos y condiciones - DigiProces","robots":{"index":"index","follow":"follow","max-snippet":"max-snippet:-1","max-image-preview":"max-image-preview:large","max-video-preview":"max-video-preview:-1"},"canonical":"https:\/\/digiproces.com\/es\/terminos-y-condiciones\/","og_locale":"es_ES","og_type":"article","og_title":"T\u00e9rminos y condiciones - DigiProces","og_description":"INFORMACI\u00d3N GENERAL En cumplimiento con el deber de informaci\u00f3n recogido en la Ley 34\/2002 de Servicios de la Sociedad de la Informaci\u00f3n y del Comercio Electr\u00f3nico (LSSI-CE) de 11 de julio, facilitamos a continuaci\u00f3n los datos de informaci\u00f3n general de [&hellip;]","og_url":"https:\/\/digiproces.com\/es\/terminos-y-condiciones\/","og_site_name":"DigiProces","article_modified_time":"2025-01-14T11:59:33+00:00","twitter_card":"summary_large_image","twitter_misc":{"Tiempo de lectura":"5 minutos"},"schema":{"@context":"https:\/\/schema.org","@graph":[{"@type":"WebPage","@id":"https:\/\/digiproces.com\/es\/terminos-y-condiciones\/","url":"https:\/\/digiproces.com\/es\/terminos-y-condiciones\/","name":"T\u00e9rminos y condiciones - DigiProces","isPartOf":{"@id":"https:\/\/digiproces.com\/es\/#website"},"datePublished":"2025-01-14T11:23:07+00:00","dateModified":"2025-01-14T11:59:33+00:00","breadcrumb":{"@id":"https:\/\/digiproces.com\/es\/terminos-y-condiciones\/#breadcrumb"},"inLanguage":"es","potentialAction":[{"@type":"ReadAction","target":["https:\/\/digiproces.com\/es\/terminos-y-condiciones\/"]}]},{"@type":"BreadcrumbList","@id":"https:\/\/digiproces.com\/es\/terminos-y-condiciones\/#breadcrumb","itemListElement":[{"@type":"ListItem","position":1,"name":"Home","item":"https:\/\/digiproces.com\/es\/"},{"@type":"ListItem","position":2,"name":"T\u00e9rminos y condiciones"}]},{"@type":"WebSite","@id":"https:\/\/digiproces.com\/es\/#website","url":"https:\/\/digiproces.com\/es\/","name":"DigiProces","description":"Dise\u00f1o, industrialitzaci\u00f3n, fabricaci\u00f3n y montaje de circuitos electr\u00f3nicos.","potentialAction":[{"@type":"SearchAction","target":{"@type":"EntryPoint","urlTemplate":"https:\/\/digiproces.com\/es\/?s={search_term_string}"},"query-input":{"@type":"PropertyValueSpecification","valueRequired":true,"valueName":"search_term_string"}}],"inLanguage":"es"}]}},"_links":{"self":[{"href":"https:\/\/digiproces.com\/es\/wp-json\/wp\/v2\/pages\/28042","targetHints":{"allow":["GET"]}}],"collection":[{"href":"https:\/\/digiproces.com\/es\/wp-json\/wp\/v2\/pages"}],"about":[{"href":"https:\/\/digiproces.com\/es\/wp-json\/wp\/v2\/types\/page"}],"author":[{"embeddable":true,"href":"https:\/\/digiproces.com\/es\/wp-json\/wp\/v2\/users\/2"}],"replies":[{"embeddable":true,"href":"https:\/\/digiproces.com\/es\/wp-json\/wp\/v2\/comments?post=28042"}],"version-history":[{"count":10,"href":"https:\/\/digiproces.com\/es\/wp-json\/wp\/v2\/pages\/28042\/revisions"}],"predecessor-version":[{"id":28063,"href":"https:\/\/digiproces.com\/es\/wp-json\/wp\/v2\/pages\/28042\/revisions\/28063"}],"wp:attachment":[{"href":"https:\/\/digiproces.com\/es\/wp-json\/wp\/v2\/media?parent=28042"}],"curies":[{"name":"wp","href":"https:\/\/api.w.org\/{rel}","templated":true}]}}